{"id":378,"date":"2025-09-30T12:21:04","date_gmt":"2025-09-30T12:21:04","guid":{"rendered":"https:\/\/www.frauengeschichte-bruchsal.de\/?page_id=378"},"modified":"2025-09-30T12:21:04","modified_gmt":"2025-09-30T12:21:04","slug":"amalie-struve-1824-1862","status":"publish","type":"page","link":"https:\/\/frauengeschichte-bruchsal.de\/index.php\/rundgang\/amalie-struve-1824-1862\/","title":{"rendered":"Amalie Struve, 1824 \u2013 1862."},"content":{"rendered":"\n<p><strong>Amalie Struve k\u00e4mpfte f\u00fcr die Ideale der Revolution von 1848 und trat mit ihrer schriftstellerischen T\u00e4tigkeit in Deutschland und Amerika f\u00fcr die Gleichberechtigung von Mann und Frau und f\u00fcr die Frauenbildung ein. Eine demokratische Ordnung, in der Frauenrechte Menschenrechte sind, war f\u00fcr sie untrennbar mit der Gleichberechtigung der Geschlechter verbunden.<a href=\"#_edn1\" id=\"_ednref1\"><sup><strong><sup>[1]<\/sup><\/strong><\/sup><\/a> Die schriftlichen \u00dcberlieferungen der Frauen der 48er-Bewegung &#8211; wie Amalies Erinnerungen &#8211; hinterlie\u00dfen Spuren, auf die die nachfolgende Frauenbewegung aufbauen konnte.<a href=\"#_edn2\" id=\"_ednref2\"><strong>[2]<\/strong><\/a><\/strong><\/p>\n\n\n\n<p class=\"has-small-font-size\">Amalie Siegrist kam am 2. Oktober 1824 in Mannheim als Kind von Elisabeth Siegrist zur Welt, 1827 wurde sie von ihrem Stiefvater Friedrich D\u00fcsar adoptiert. Sie erhielt eine Ausbildung zur Sprachlehrerin.<a href=\"#_edn3\" id=\"_ednref3\"><sup>[3]<\/sup><\/a>Ab 1839 arbeitete sie als Lehrerin vorwiegend bei englischen Familien und 1844\/45 als Erzieherin in Hattersheim bei Frankfurt\/M.. 1845 lernte sie Gustav Struve kennen und heiratete ihn noch im November dieses Jahres.<a href=\"#_edn4\" id=\"_ednref4\"><sup>[4]<\/sup><\/a> 1846 wechselte das Ehepaar Struve von der protestantischen Kirche zur deutschkatholischen Gemeinde,<a href=\"#_edn5\" id=\"_ednref5\">[5]<\/a> die im Gegensatz zu den Amtskirchen die revolution\u00e4re Bewegung unterst\u00fctzte.<a href=\"#_edn6\" id=\"_ednref6\">[6]<\/a> Die freireligi\u00f6se Oppositionsbewegung vertrat die \u00dcberzeugung, dass sich der Zivilisationsgrad einer Gesellschaft an der Stellung der Frau ablesen lasse.<a href=\"#_edn7\" id=\"_ednref7\">[7]<\/a> Die Bet\u00e4tigungsm\u00f6glichkeiten f\u00fcr Frauen im freireligi\u00f6sen, gleichberechtigten Gemeindeleben boten den Frauen eine ideale Plattform f\u00fcr den Beginn der Emanzipation.<a href=\"#_edn8\" id=\"_ednref8\">[8]<\/a> Im freireligi\u00f6sen Umfeld wurde Amalie zu einer engagierten Verfechterin republikanischer Ideen und zu einer der bekanntesten Akteurinnen der Aufstandsbewegung.<a href=\"#_edn9\" id=\"_ednref9\"><sup>[9]<\/sup><\/a> Sie \u00fcbernahm die vegetarische (<em>vegeta-bilische<\/em>) Ern\u00e4hrungsweise ihres Mannes.<a href=\"#_edn10\" id=\"_ednref10\">[10]<\/a> An seiner Seite wurde sie zur \u00fcber-zeugten Mitstreiterin f\u00fcr eine <em>Republik mit Wohlstand, Bildung und Freiheit f\u00fcr alle<\/em>.<a href=\"#_edn11\" id=\"_ednref11\">[11]<\/a><\/p>\n\n\n\n<p>Von Anfang an begleitete sie ihren Mann auf seinen Reisen und lernte Revolution\u00e4r-Innen wie Friedrich Hecker und Franziska Anneke kennen.<a href=\"#_edn12\" id=\"_ednref12\">[12]<\/a> Amalie war auch eine der wenigen Frauen, die 1847 auf der Galerie an der Versammlung im Salmen in Offenburg teilnahmen.<a href=\"#_edn13\" id=\"_ednref13\">[13]<\/a> Mit Begeisterung warb sie f\u00fcr die Revolution auf der Stra\u00dfe.<a href=\"#_edn14\" id=\"_ednref14\">[14]<\/a> Die M\u00f6glichkeit, im Namen von Freiheit und Gleichheit der traditionellen Frauenrolle zu entkommen, machte die Revolution f\u00fcr Frauen interessant.<a href=\"#_edn15\" id=\"_ednref15\">[15]<\/a><\/p>\n\n\n\n<p class=\"has-small-font-size\">Doch bei weitem nicht alle Revolution\u00e4re verstanden, welche Grenzen die Frauen \u00fcberschritten und wie ungewohnt die neuen Rollen f\u00fcr sie waren. Amalie, die w\u00e4hrend der K\u00e4mpfe auch Munition und Waffen transportierte,<a href=\"#_edn16\" id=\"_ednref16\">[16]<\/a> beklagte sich dar\u00fcber, dass die Revolution\u00e4re an den tradierten Geschlechterrollen festhielten.<a href=\"#_edn17\" id=\"_ednref17\"><sup>[17]<\/sup><\/a><\/p>\n\n\n\n<p class=\"has-small-font-size\">Im Gegensatz zu ihrem Ehemann, der die Freiheit des Vaterlandes mit der Gleichstellung der Frau verband und den wichtigen Einsatz der Frauen f\u00fcr die <em>Heilige Sache der Freiheit<\/em> unterst\u00fctzte.<a href=\"#_edn18\" id=\"_ednref18\">[18]<\/a><\/p>\n\n\n\n<p class=\"has-small-font-size\">Am 24. September 1848 wurde Amalie zusammen mit ihrem Mann gefangen-genommen und kam bis zum 16. April 1849 ins Freiburger Gef\u00e4ngnis. Dort setzte sie sich couragiert und selbstbewusst gegen Verh\u00f6rmethoden zur Wehr, ebenso gegen Verleumdungen in der konservativen Freiburger Zeitung.<a href=\"#_edn19\" id=\"_ednref19\">[19]<\/a> Nach ihrer Freilassung nahm sie sofort wieder Kontakt mit dem demokratischen Volksverein auf, beteiligte sich an der Vorbereitung des Soldatenaufstandes im Mai 1849 und reiste am 13. Mai 1849 in Begleitung weiter nach Bruchsal. <a href=\"#_edn20\" id=\"_ednref20\">[20]<\/a> Dort angekommen, setzte sie ihr Besuchsrecht bei ihrem Mann in der Weiberstrafanstalt durch.<a href=\"#_edn21\" id=\"_ednref21\">[21]<\/a> Nachts erschien ein <em>Haufe von M\u00e4nnern<\/em>, erbrach die <em>Th\u00fcren des Gef\u00e4ngnishofes<\/em> und befreite die Gefangenen. Niemand wurde verletzt, die Wachen leisteten keinen Widerstand.<a href=\"#_edn22\" id=\"_ednref22\">[22]<\/a> Fr\u00fchmorgens reiste Amalie mit den befreiten Revolution\u00e4ren nach Rastatt ab.<a href=\"#_edn23\" id=\"_ednref23\">[23]<\/a><\/p>\n\n\n\n<p class=\"has-small-font-size\">Nach dem Scheitern der Revolution flohen Amalie und Gustav \u00fcber Genf und London 1851 nach Amerika. Viele Anh\u00e4ngerinnen der Revolution blieben, oft mit Kindern, verarmt und gedem\u00fctigt in der Heimat zur\u00fcck und wurden in die passiv-rechtlose Frauenrolle zur\u00fcckgedr\u00e4ngt.<a href=\"#_edn24\" id=\"_ednref24\">[24]<\/a><\/p>\n\n\n\n<p class=\"has-small-font-size\">In Amerika widmete sich Amalie ihrer schriftstellerischen und journalistischen Arbeit. In zahlreichen Artikeln in der von Gustav Struve 1851\/52 in New York herausge-gebenen Zeitschrift \u201eDeutscher Zuschauer\u201c und 1858\/59 in \u201eSociale Republik\u201c besch\u00e4ftigte sie sich mit der Gleichberechtigung der Frau, mit Bildungsfragen und mit Frauen der franz\u00f6sischen und deutschen Revolution.<a href=\"#_edn25\" id=\"_ednref25\"><sup>[25]<\/sup><\/a> Ungekl\u00e4rt sind ihre Verbin-dungen zur amerikanischen Frauenrechtsbewegung. Erkenntnisse \u00fcber die von ihr 1858 mitgegr\u00fcndeten \u201eFreie Deutsche Schule\u201c in New York fehlen ebenfalls.<a href=\"#_edn26\" id=\"_ednref26\"><sup>[26]<\/sup><\/a> Amalie Struve starb am 13. Februar 1862 in Stapleton (Staten Island, New York) nach der Geburt ihres dritten Kindes.<\/p>\n\n\n\n<p class=\"has-small-font-size\">Die Bewertung der Revolution verlief bis heute kontrovers, ebenso die politische Verwendung. Der Nachlass der Revolution\u00e4rinnen jedoch, ihre Ideen zu Gleichstellung und Bildung der Frauen, waren und sind immer wieder Bezugspunkt f\u00fcr die Frauenemanzipationsbewegung. Den schreibenden Revolution\u00e4rinnen war schon w\u00e4hrend der Beteiligung an den revolution\u00e4ren Ereignissen bewusst, wie grunds\u00e4tzlich sie mit ihrem Engagement mit der Vergangenheit brachen.<a href=\"#_edn27\" id=\"_ednref27\">[27]<\/a> Nur eine neue Gesellschaftsordnung w\u00fcrde ihnen ein selbstbestimmtes Leben erm\u00f6glichen. Arrangieren mit der Restauration, R\u00fcckkehr oder gar Karriere unter den bestehenden Verh\u00e4ltnissen waren f\u00fcr sie undenkbar. <em>Dieselbe Geisel, welche \u00fcber Deutschland geschwungen wird, rafft auch ihre Opfer dahin in Ungarn, Polen und Italien. Der gleiche Geist herrscht \u00fcberall. Er wird zu gleichen Taten f\u00fchren. Dann werden die Fl\u00fcchtlinge aus allen Teilen der Welt in die Heimat zur\u00fcckkehren, um noch einmal zu k\u00e4mpfen und dann zu gr\u00fcnden das Paradies auf Erden,<\/em> schrieb Amalie Struve unverzagt fest \u00fcberzeugt 1850.<a href=\"#_edn28\" id=\"_ednref28\">[28]<\/a> Ein Paradies f\u00fcr alle Lebewesen, auch f\u00fcr Frauen.<a href=\"#_edn29\" id=\"_ednref29\">[29]<\/a><\/p>\n\n\n\n<hr class=\"wp-block-separator has-alpha-channel-opacity\"\/>\n\n\n\n<p class=\"has-small-font-size\"><a href=\"#_ednref1\" id=\"_edn1\">[1]<\/a> &nbsp;&nbsp;&nbsp; Freund, Marion, Struve, Amalie, in: Neue Deutsche Biographie 25 (2013), S. 601-602 [Online-Version]; URL: https:\/\/www.deutsche-biographie.de\/pnd117349062.html#ndbcontent.<\/p>\n\n\n\n<p class=\"has-small-font-size\"><a href=\"#_ednref2\" id=\"_edn2\">[2]<\/a> &nbsp;&nbsp;&nbsp; Wolfgang M. Gall: M\u00e4nner, Frauen und die Erinnerungsk\u00e4mpfe um 1848\/49 in der zweiten H\u00e4lfte des \u201elangen 19. Jahrhunderts\u201c, S. 65-94, in: Senta Herkle\/ Sabine Holtz\/ Sylvia Schraut: Umk\u00e4mpfte Erinnerungen im deutschen S\u00fcdwesten, Stuttgart 2024, S. 81.<\/p>\n\n\n\n<p class=\"has-small-font-size\"><a href=\"#_ednref3\" id=\"_edn3\">[3]<\/a> &nbsp;&nbsp;&nbsp; Ursula Linnhoff: Zur Freiheit, oh, zur einzig wahren\u201c, Frankfurt\/M. 1983, S. 132.<\/p>\n\n\n\n<p class=\"has-small-font-size\"><a href=\"#_ednref4\" id=\"_edn4\">[4]<\/a> &nbsp;&nbsp;&nbsp; Sabine Liebig: 2. Oktober: Amalie Struve (1824\u20131862). Eine Badische Freiheitsk\u00e4mpferin, 30.09.2022. https:\/\/frauen-und-geschichte.de\/website.php?id=denktag2209281234<\/p>\n\n\n\n<p class=\"has-small-font-size\"><a href=\"#_ednref5\" id=\"_edn5\">[5]<\/a> &nbsp;&nbsp;&nbsp; Sylvia Paletschek: Frauen und Dissens. Frauen im Deutschkatholizismus und in den freien Gemeinden, 1841\u20131852, G\u00f6ttingen, 1990, S.54.<\/p>\n\n\n\n<p class=\"has-small-font-size\"><a href=\"#_ednref6\" id=\"_edn6\">[6]<\/a> &nbsp;&nbsp;&nbsp; Ebda, S.62f.<\/p>\n\n\n\n<p class=\"has-small-font-size\"><a href=\"#_ednref7\" id=\"_edn7\">[7]<\/a> &nbsp;&nbsp;&nbsp; Ebda, S. 155.<\/p>\n\n\n\n<p class=\"has-small-font-size\"><a href=\"#_ednref8\" id=\"_edn8\">[8]<\/a> &nbsp;&nbsp;&nbsp; Ebda, S. 178f.<\/p>\n\n\n\n<p><a href=\"#_ednref9\" id=\"_edn9\">[9]<\/a> <a>&nbsp;&nbsp;&nbsp; Freund, siehe Anm. 1.<\/a><\/p>\n\n\n\n<p class=\"has-small-font-size\"><a href=\"#_ednref10\" id=\"_edn10\">[10]<\/a> &nbsp; Amalie Struve: Erinnerungen aus den badischen Freiheitsk\u00e4mpfen. S.7. <a href=\"https:\/\/www.digitale-sammlungen.de\/de\/view\/bsb10021751?page=5&amp;q=Erinnerungen\">https:\/\/www.digitale-sammlungen.de\/de\/view\/bsb10021751?page=5&amp;q=Erinnerungen<\/a>. Jansen, Christian: Struve, Gustav, in: Neue Deutsche Biographie 25 (2013), S. 599-601 [Online-Version]; URL: https:\/\/www.deutsche-biographie.de\/pnd118799207.html#ndbcontent.<\/p>\n\n\n\n<p class=\"has-small-font-size\"><a href=\"#_ednref11\" id=\"_edn11\">[11]<\/a> &nbsp; Peter Hank: Gustav Struve, Freiburg, 1998, S.21. Amalie Struve, wie Anm. 10, S. 160.<\/p>\n\n\n\n<p class=\"has-small-font-size\"><a href=\"#_ednref12\" id=\"_edn12\">[12]<\/a> &nbsp; Diana Ecker: Der Freiheit kurzer Sommer. Auf Mathilde Franziska Anneke Spuren durch die pf\u00e4lzisch-badische Revolution von 1849, Heidelberg 2012, S. 64.<\/p>\n\n\n\n<p><a href=\"#_ednref13\" id=\"_edn13\">[13]<\/a>&nbsp;&nbsp; Gall, wie Anm. 2, S. 72.<\/p>\n\n\n\n<p class=\"has-small-font-size\"><a href=\"#_ednref14\" id=\"_edn14\">[14]<\/a>\u201eW\u00e4hrend Struve mit den M\u00e4nnern besch\u00e4ftigt war, hatte ich patriotische Frauen und Jungfrauen um mich versammelt, welche ich f\u00fcr die Sache der Freiheit zu begeistern suchte und mit welchen ich den Plan besprach, eine Schaar von Frauen und Jungfrauen zu bilden, welche dem Freiheitsheere folgen sollte, um ermuthigend und begeisternd auf dasselbe einzuwirken, und unter Leitung der \u00c4rzte sich der Pflege der Verwundeten zu widmen.\u201c Amalie Struve, wie Anm. 10, S. 73.<\/p>\n\n\n\n<p class=\"has-small-font-size\"><a href=\"#_ednref15\" id=\"_edn15\">[15]<\/a>&nbsp;&nbsp; Kerstin Wolff: Frauen und die Revolution. 1848 als Frauenaufbruch, in APuZ 7\u20139\/2023, S. 24- 38. Heidrun Pimpl, Ulrich Nie\u00df, Frauen, Fahnen, Freiheit &#8211; Frauen in der 1848erRevolution, Marchivum Mannheim, 23.09.2024. https:\/\/www.marchivum.de\/de\/geschichte\/blog\/frauen-fahnen-freiheit-frauen-in-der-1848er-revolution.<\/p>\n\n\n\n<p class=\"has-small-font-size\"><a href=\"#_ednref16\" id=\"_edn16\">[16]<\/a>&nbsp;&nbsp; Gustav Struve: Geschichte der drei Volkserhebungen in Baden, Bern 1849, S. 53. https:\/\/www.digitale-sammlungen.de\/de\/view\/bsb10021752?page=,1<\/p>\n\n\n\n<p class=\"has-small-font-size\"><a href=\"#_ednref17\" id=\"_edn17\">[17]<\/a>&nbsp;&nbsp; \u201eNiemals empfand ich so tief die unw\u00fcrdige Stellung, in welcher sich bis zum heutigen Tage das weibliche Geschlecht gegen\u00fcber dem m\u00e4nnlichen befindet. [&#8230;] Warum sollte die Gattin, welche die Gefahren des Gatten theilte, nicht auch Theil nehmen an seinen Arbeiten.\u201c Amalie Struve, wie Anm. 10, S.68\/69.<\/p>\n\n\n\n<p class=\"has-small-font-size\"><a href=\"#_ednref18\" id=\"_edn18\">[18]<\/a>&nbsp;&nbsp; Gustav Struve schrieb \u201evon den vielen wackeren badischen Frauen, (\u2026) welche nicht zur\u00fcckbebten vor den Gefahren, sondern dem Tode um dem Gef\u00e4ngni\u00df mit Charakterfestigkeit und Ruhe entgegensahen\u201c, in: Peter Hank, wie Anm. 11, S. 51.<\/p>\n\n\n\n<p class=\"has-small-font-size\"><a href=\"#_ednref19\" id=\"_edn19\">[19]<\/a>&nbsp;&nbsp; Amalie Struve, wie Anm. 10, S. 79.<\/p>\n\n\n\n<p class=\"has-small-font-size\"><a href=\"#_ednref20\" id=\"_edn20\">[20]<\/a>&nbsp;&nbsp; Gustav Struve, wie Anm. 16, S. 150.<\/p>\n\n\n\n<p class=\"has-small-font-size\"><a href=\"#_ednref21\" id=\"_edn21\">[21]<\/a>&nbsp;&nbsp; Amalie Struve, wie Anm. 10, S. 118-124.<\/p>\n\n\n\n<p class=\"has-small-font-size\"><a href=\"#_ednref22\" id=\"_edn22\">[22]<\/a>&nbsp;&nbsp; Gustav Struve, wie Anm. 16, S. 163\/164.<\/p>\n\n\n\n<p class=\"has-small-font-size\"><a href=\"#_ednref23\" id=\"_edn23\">[23]<\/a>&nbsp;&nbsp; Amalie Struve, wie Anm. 10, S.126.<\/p>\n\n\n\n<p class=\"has-small-font-size\"><a href=\"#_ednref24\" id=\"_edn24\">[24]<\/a>&nbsp;&nbsp; Gall, wie Anm. 2, S.78\/79.<\/p>\n\n\n\n<p class=\"has-small-font-size\"><a href=\"#_ednref25\" id=\"_edn25\">[25]<\/a>&nbsp;&nbsp; Monica Marcello-M\u00fcller (Hg.): Frauenrechte sind Menschenrechte, Schriften der Lehrerin, Revolution\u00e4rin und Literatin Amalie Struve: Frauenrechte sind Menschenrechte. Schriften der Lehrerin, Revolution\u00e4rin und Literatin Amalie Struve, Herbolzheim 2002.<\/p>\n\n\n\n<p class=\"has-small-font-size\"><a href=\"#_ednref26\" id=\"_edn26\">[26]<\/a>&nbsp;&nbsp; Freund, Marion, wie Anm. 1.<\/p>\n\n\n\n<p><a href=\"#_ednref27\" id=\"_edn27\">[27]<\/a>&nbsp;&nbsp; Gall, wie Anm. 2, S.81-93.<\/p>\n\n\n\n<p class=\"has-small-font-size\"><a href=\"#_ednref28\" id=\"_edn28\">[28]<\/a>\u00a0\u00a0 Amalie Struve, wie Anm. 10, S. 166.<\/p>\n\n\n\n<p class=\"has-small-font-size\"><a href=\"#_ednref29\" id=\"_edn29\">[29]<\/a>&nbsp;&nbsp; Ausdr\u00fccklich bezieht Amalie Struve die Tiere mit ein, T\u00f6ten von Tieren lehnt sie ab, Amalie Struve, wie Anm. 10, S. 7-9.<\/p>\n","protected":false},"excerpt":{"rendered":"<p>Amalie Struve k\u00e4mpfte f\u00fcr die Ideale der Revolution von 1848 und trat mit ihrer schriftstellerischen T\u00e4tigkeit in Deutschland und Amerika f\u00fcr die Gleichberechtigung von Mann und Frau und f\u00fcr die Frauenbildung ein. Eine demokratische Ordnung, in der Frauenrechte Menschenrechte sind, war f\u00fcr sie untrennbar mit der Gleichberechtigung der Geschlechter verbunden.[1] Die schriftlichen \u00dcberlieferungen der Frauen &hellip; <\/p>\n<p class=\"link-more\"><a href=\"https:\/\/frauengeschichte-bruchsal.de\/index.php\/rundgang\/amalie-struve-1824-1862\/\" class=\"more-link\"><span class=\"screen-reader-text\">\u201eAmalie Struve, 1824 \u2013 1862.\u201c <\/span>weiterlesen<\/a><\/p>\n","protected":false},"author":1,"featured_media":0,"parent":12,"menu_order":0,"comment_status":"closed","ping_status":"closed","template":"","meta":{"footnotes":""},"class_list":["post-378","page","type-page","status-publish","hentry"],"_links":{"self":[{"href":"https:\/\/frauengeschichte-bruchsal.de\/index.php\/wp-json\/wp\/v2\/pages\/378","targetHints":{"allow":["GET"]}}],"collection":[{"href":"https:\/\/frauengeschichte-bruchsal.de\/index.php\/wp-json\/wp\/v2\/pages"}],"about":[{"href":"https:\/\/frauengeschichte-bruchsal.de\/index.php\/wp-json\/wp\/v2\/types\/page"}],"author":[{"embeddable":true,"href":"https:\/\/frauengeschichte-bruchsal.de\/index.php\/wp-json\/wp\/v2\/users\/1"}],"replies":[{"embeddable":true,"href":"https:\/\/frauengeschichte-bruchsal.de\/index.php\/wp-json\/wp\/v2\/comments?post=378"}],"version-history":[{"count":1,"href":"https:\/\/frauengeschichte-bruchsal.de\/index.php\/wp-json\/wp\/v2\/pages\/378\/revisions"}],"predecessor-version":[{"id":379,"href":"https:\/\/frauengeschichte-bruchsal.de\/index.php\/wp-json\/wp\/v2\/pages\/378\/revisions\/379"}],"up":[{"embeddable":true,"href":"https:\/\/frauengeschichte-bruchsal.de\/index.php\/wp-json\/wp\/v2\/pages\/12"}],"wp:attachment":[{"href":"https:\/\/frauengeschichte-bruchsal.de\/index.php\/wp-json\/wp\/v2\/media?parent=378"}],"curies":[{"name":"wp","href":"https:\/\/api.w.org\/{rel}","templated":true}]}}