{"id":194,"date":"2020-11-19T08:25:06","date_gmt":"2020-11-19T08:25:06","guid":{"rendered":"http:\/\/www.frauengeschichte-bruchsal.de\/?page_id=194"},"modified":"2020-11-19T08:29:57","modified_gmt":"2020-11-19T08:29:57","slug":"diakonissen-pflege-und-betreuung","status":"publish","type":"page","link":"https:\/\/frauengeschichte-bruchsal.de\/index.php\/rundgang\/diakonissen-pflege-und-betreuung\/","title":{"rendered":"Diakonissen: Pflege und Betreuung"},"content":{"rendered":"\n<p>1858 kam die erste Diakonisse aus dem 1840 gegr\u00fcndeten badischen \u201eMutterhaus<br>f\u00fcr Kinderpflege\u201c in Nonnenweier nach Bruchsal. Julie Mondon war ausgebildete<br>Kinderpflegerin und betreute die evangelische \u201eKlein-Kinderschule\u201c in der Zwerchstra\u00dfe.<br>Die Eltern zahlten 20 Pfennige Schulgeld in der Woche, die Stadt gew\u00e4hrte ab 1864 eine<br>j\u00e4hrliche Beihilfe von 200 Gulden. Ab 1884 leitete die Diakonisse Katharina Runkel die<br>neue evangelische Kinderschule in der Stadtgrabenstra\u00dfe.<br>Auch die in sp\u00e4teren Jahren eingerichteten Kinderg\u00e4rten der evangelischen Kirchengemeinde Bruchsal wurden bis 1962 von Diakonissen geleitet. Die letzte \u201eKinderschwester\u201c war Irmhild Tillmann.<br>Neben der Kinderbetreuung fanden die Diakonissen ein weiteres Bet\u00e4tigungsfeld in der ambulanten Krankenpflege und in der Diakonie f\u00fcr Alte und sozial Schwache. Rat, Hilfe und Entlohnung erhielten sie vom \u201eEvangelischen Krankenunterst\u00fctzungsverein\u201c.<br>Die evangelische Gemeindekrankenpflege begann 1893 und war zun\u00e4chst im evangelischen Gemeindehaus in der Wilderichstra\u00dfe 7, sp\u00e4ter im Gemeindehaus neben der Lutherkirche untergebracht.<br>1966 wurde sie vom Freiburger Diakonissenhaus aufgegeben und bis zur Gr\u00fcndung des Diakonievereins 1995 vom Evangelischen Verein f\u00fcr Krankenpflege mit sog. freien Schwestern weiter gef\u00fchrt.<\/p>\n","protected":false},"excerpt":{"rendered":"<p>1858 kam die erste Diakonisse aus dem 1840 gegr\u00fcndeten badischen \u201eMutterhausf\u00fcr Kinderpflege\u201c in Nonnenweier nach Bruchsal. Julie Mondon war ausgebildeteKinderpflegerin und betreute die evangelische \u201eKlein-Kinderschule\u201c in der Zwerchstra\u00dfe.Die Eltern zahlten 20 Pfennige Schulgeld in der Woche, die Stadt gew\u00e4hrte ab 1864 einej\u00e4hrliche Beihilfe von 200 Gulden. Ab 1884 leitete die Diakonisse Katharina Runkel dieneue evangelische &hellip; <\/p>\n<p class=\"link-more\"><a href=\"https:\/\/frauengeschichte-bruchsal.de\/index.php\/rundgang\/diakonissen-pflege-und-betreuung\/\" class=\"more-link\"><span class=\"screen-reader-text\">\u201eDiakonissen: Pflege und Betreuung\u201c <\/span>weiterlesen<\/a><\/p>\n","protected":false},"author":1,"featured_media":0,"parent":12,"menu_order":0,"comment_status":"closed","ping_status":"closed","template":"","meta":{"footnotes":""},"class_list":["post-194","page","type-page","status-publish","hentry"],"_links":{"self":[{"href":"https:\/\/frauengeschichte-bruchsal.de\/index.php\/wp-json\/wp\/v2\/pages\/194","targetHints":{"allow":["GET"]}}],"collection":[{"href":"https:\/\/frauengeschichte-bruchsal.de\/index.php\/wp-json\/wp\/v2\/pages"}],"about":[{"href":"https:\/\/frauengeschichte-bruchsal.de\/index.php\/wp-json\/wp\/v2\/types\/page"}],"author":[{"embeddable":true,"href":"https:\/\/frauengeschichte-bruchsal.de\/index.php\/wp-json\/wp\/v2\/users\/1"}],"replies":[{"embeddable":true,"href":"https:\/\/frauengeschichte-bruchsal.de\/index.php\/wp-json\/wp\/v2\/comments?post=194"}],"version-history":[{"count":1,"href":"https:\/\/frauengeschichte-bruchsal.de\/index.php\/wp-json\/wp\/v2\/pages\/194\/revisions"}],"predecessor-version":[{"id":195,"href":"https:\/\/frauengeschichte-bruchsal.de\/index.php\/wp-json\/wp\/v2\/pages\/194\/revisions\/195"}],"up":[{"embeddable":true,"href":"https:\/\/frauengeschichte-bruchsal.de\/index.php\/wp-json\/wp\/v2\/pages\/12"}],"wp:attachment":[{"href":"https:\/\/frauengeschichte-bruchsal.de\/index.php\/wp-json\/wp\/v2\/media?parent=194"}],"curies":[{"name":"wp","href":"https:\/\/api.w.org\/{rel}","templated":true}]}}