{"id":104,"date":"2018-06-17T08:21:11","date_gmt":"2018-06-17T08:21:11","guid":{"rendered":"http:\/\/frauengeschichte-bruchsal.de\/?page_id=104"},"modified":"2026-03-28T16:10:27","modified_gmt":"2026-03-28T16:10:27","slug":"ausstellungen-publikationen","status":"publish","type":"page","link":"https:\/\/frauengeschichte-bruchsal.de\/index.php\/ausstellungen-publikationen\/","title":{"rendered":"Publikationen &amp; Ausstellungen"},"content":{"rendered":"\n<p><strong>Ruth Birkle:<\/strong><br><strong>1980. Die Anf\u00e4nge der GR\u00dcNEN in Bruchsal<\/strong>, 2026.<br>Die junge Partei stellte bereits 1980 eine Landtagskandidatin f\u00fcr den Wahlkreis 29 auf.<br><a href=\"http:\/\/frauengeschichte-bruchsal.de\/wp-content\/uploads\/2026\/03\/GRUeNEBruchsal1980_RBirkle2026.pdf\" target=\"_blank\" rel=\"noreferrer noopener\">Download: Die GR\u00dcNEN in Bruchsal.<\/a><\/p>\n\n\n\n<p><strong>Ruth Birkle: <\/strong><br><strong><em>&#8230;nochmal ein kleines Bubele oder M\u00e4dele sein&#8230;..?<\/em><\/strong><br><strong>Geschichte der Kinderheime in Bruchsal.<\/strong><br>erschienen in: <br>Konrad Dussel\/J\u00fcrgen Treffeisen (Hg.): Bausteine zur Geschichte der Stadt Bruchsal und ihres Umlands, Ubstadt-Weiher, 2024, S. 186 &#8211; 225.<br><a href=\"http:\/\/frauengeschichte-bruchsal.de\/wp-content\/uploads\/2024\/01\/Birkle_Kinderheime_in_Bruchsal.pdf\" target=\"_blank\" rel=\"noreferrer noopener\">Download: Kinderheime in Bruchsal<\/a><\/p>\n\n\n\n<p><strong>Ruth Birkle: <\/strong><br><strong>Ein Viertel Jahrhundert FrauenNetzwerk Bruchsal e.V. &#8211; <br>von der Frauenbewegung zum Serviceclub,<\/strong> 2022. <br>Download in zwei Teilen:<br><a href=\"http:\/\/frauengeschichte-bruchsal.de\/wp-content\/uploads\/2022\/01\/Frauennetzwerk_Teil1.pdf\" target=\"_blank\" rel=\"noreferrer noopener\">FrauenNetzwerk Teil 1<\/a><br><a href=\"http:\/\/frauengeschichte-bruchsal.de\/wp-content\/uploads\/2022\/01\/Frauennetzwerk_Teil2.pdf\" target=\"_blank\" rel=\"noreferrer noopener\">FrauenNetzwerk Teil 2<\/a><\/p>\n\n\n\n<p><strong>Ruth Birkle: <\/strong><br><strong>Frau oder Gleich? 25 Jahre Gleichstellungspolitik in Bruchsal,<\/strong> 2013<br>Brosch\u00fcre auf Anfrage, Text siehe Ausstellung: 25 Jahre Gleichstellungspolitik in Bruchsal.<\/p>\n\n\n\n<p class=\"has-black-color has-text-color has-link-color wp-elements-cec7857eb2bc9ec4a5500065ead4262d\"><strong>Ausstellung<\/strong><br>Ruth Birkle:<br><strong>Frau oder gleich? 1987-2012. 25 Gleichstellungspolitik in Bruchsal, <\/strong><strong>Bruchsal 2012 <\/strong><br>Download:<br><a href=\"http:\/\/frauengeschichte-bruchsal.de\/index.php\/ausstellungen-publikationen\/25-gleichstellungspolitik-in-bruchsal-ausstellung\/\" target=\"_blank\" rel=\"noreferrer noopener\">25 Jahre Gleichstellungspolitik in Bruchsal<\/a><\/p>\n\n\n\n<p><strong>Ausstellung <\/strong><br>AK Frauengeschichte:<br><strong>500 Jahre M\u00e4dchenbildung in Bruchsal. <\/strong><br><strong>Der lange Weg zur gleichberechtigten Schulausbildung, <\/strong><br><strong>Bruchsal 2008<\/strong><br>Download: <br><a href=\"http:\/\/frauengeschichte-bruchsal.de\/index.php\/ausstellungen-publikationen\/500-jahre-maedchenschulbildung-in-bruchsal\/\" target=\"_blank\" rel=\"noreferrer noopener\">500 Jahre-M\u00e4dchenschulbildung in Bruchsal<\/a><\/p>\n\n\n\n<p><\/p>\n\n\n\n<p><\/p>\n\n\n\n<p><\/p>\n\n\n\n<p><\/p>\n\n\n\n<p><\/p>\n\n\n\n<p><\/p>\n\n\n\n<p><\/p>\n\n\n\n<p><\/p>\n\n\n\n<p><\/p>\n","protected":false},"excerpt":{"rendered":"<p>Ruth Birkle:1980. Die Anf\u00e4nge der GR\u00dcNEN in Bruchsal, 2026.Die junge Partei stellte bereits 1980 eine Landtagskandidatin f\u00fcr den Wahlkreis 29 auf.Download: Die GR\u00dcNEN in Bruchsal. Ruth Birkle: &#8230;nochmal ein kleines Bubele oder M\u00e4dele sein&#8230;..?Geschichte der Kinderheime in Bruchsal.erschienen in: Konrad Dussel\/J\u00fcrgen Treffeisen (Hg.): Bausteine zur Geschichte der Stadt Bruchsal und ihres Umlands, Ubstadt-Weiher, 2024, S. &hellip; <\/p>\n<p class=\"link-more\"><a href=\"https:\/\/frauengeschichte-bruchsal.de\/index.php\/ausstellungen-publikationen\/\" class=\"more-link\"><span class=\"screen-reader-text\">\u201ePublikationen &amp; Ausstellungen\u201c <\/span>weiterlesen<\/a><\/p>\n","protected":false},"author":1,"featured_media":0,"parent":0,"menu_order":0,"comment_status":"closed","ping_status":"closed","template":"","meta":{"footnotes":""},"class_list":["post-104","page","type-page","status-publish","hentry"],"_links":{"self":[{"href":"https:\/\/frauengeschichte-bruchsal.de\/index.php\/wp-json\/wp\/v2\/pages\/104","targetHints":{"allow":["GET"]}}],"collection":[{"href":"https:\/\/frauengeschichte-bruchsal.de\/index.php\/wp-json\/wp\/v2\/pages"}],"about":[{"href":"https:\/\/frauengeschichte-bruchsal.de\/index.php\/wp-json\/wp\/v2\/types\/page"}],"author":[{"embeddable":true,"href":"https:\/\/frauengeschichte-bruchsal.de\/index.php\/wp-json\/wp\/v2\/users\/1"}],"replies":[{"embeddable":true,"href":"https:\/\/frauengeschichte-bruchsal.de\/index.php\/wp-json\/wp\/v2\/comments?post=104"}],"version-history":[{"count":47,"href":"https:\/\/frauengeschichte-bruchsal.de\/index.php\/wp-json\/wp\/v2\/pages\/104\/revisions"}],"predecessor-version":[{"id":621,"href":"https:\/\/frauengeschichte-bruchsal.de\/index.php\/wp-json\/wp\/v2\/pages\/104\/revisions\/621"}],"wp:attachment":[{"href":"https:\/\/frauengeschichte-bruchsal.de\/index.php\/wp-json\/wp\/v2\/media?parent=104"}],"curies":[{"name":"wp","href":"https:\/\/api.w.org\/{rel}","templated":true}]}}